{"id":9579,"date":"2022-08-04T06:29:17","date_gmt":"2022-08-04T06:29:17","guid":{"rendered":"https:\/\/coterena.es\/shop\/?post_type=product&#038;p=9350"},"modified":"2023-04-10T07:33:41","modified_gmt":"2023-04-10T07:33:41","slug":"separateur-alfa-laval-mmpx-304","status":"publish","type":"product","link":"https:\/\/coterena.es\/shop\/separateur-alfa-laval-mmpx-304\/","title":{"rendered":"S\u00e9parateur ALFA LAVAL MMPX 304"},"content":{"rendered":"<p>Purificateur ALFA LAVAL MMPX 304. Utilis\u00e9.<\/p>\n<p>Mod\u00e8le : MMPX 304<\/p>\n<p>Sp\u00e9cification : SGP-11-50<\/p>\n<p>Inclut le moteur \u00e9lectrique attach\u00e9<\/p>\n","protected":false},"excerpt":{"rendered":"<p>Purificateur ALFA LAVAL MMPX 304. Utilis\u00e9. Mod\u00e8le : MMPX 304 Sp\u00e9cification : SGP-11-50 Inclut le moteur \u00e9lectrique attach\u00e9<\/p>\n","protected":false},"featured_media":9353,"template":"","meta":[],"product_cat":[6257],"product_tag":[],"modelo":[],"acf":[],"lang":"fr","translations":{"fr":9579,"es":9350,"en":9578},"pll_sync_post":[],"_links":{"self":[{"href":"https:\/\/coterena.es\/shop\/wp-json\/wp\/v2\/product\/9579"}],"collection":[{"href":"https:\/\/coterena.es\/shop\/wp-json\/wp\/v2\/product"}],"about":[{"href":"https:\/\/coterena.es\/shop\/wp-json\/wp\/v2\/types\/product"}],"wp:featuredmedia":[{"embeddable":true,"href":"https:\/\/coterena.es\/shop\/wp-json\/wp\/v2\/media\/9353"}],"wp:attachment":[{"href":"https:\/\/coterena.es\/shop\/wp-json\/wp\/v2\/media?parent=9579"}],"wp:term":[{"taxonomy":"product_cat","embeddable":true,"href":"https:\/\/coterena.es\/shop\/wp-json\/wp\/v2\/product_cat?post=9579"},{"taxonomy":"product_tag","embeddable":true,"href":"https:\/\/coterena.es\/shop\/wp-json\/wp\/v2\/product_tag?post=9579"},{"taxonomy":"modelo","embeddable":true,"href":"https:\/\/coterena.es\/shop\/wp-json\/wp\/v2\/modelo?post=9579"}],"curies":[{"name":"wp","href":"https:\/\/api.w.org\/{rel}","templated":true}]}}