{"id":9585,"date":"2022-08-02T08:41:10","date_gmt":"2022-08-02T08:41:10","guid":{"rendered":"https:\/\/coterena.es\/shop\/?post_type=product&#038;p=9025"},"modified":"2023-04-11T06:45:58","modified_gmt":"2023-04-11T06:45:58","slug":"amortisseur-de-vibrations-deutz-358","status":"publish","type":"product","link":"https:\/\/coterena.es\/shop\/amortisseur-de-vibrations-deutz-358\/","title":{"rendered":"Amortisseur de vibrations Deutz 358"},"content":{"rendered":"<p>Amortisseur de vibrations pour moteur DEUTZ 358 03355734. Recondiotionn\u00e9<\/p>\n<p>Num\u00e9ro de pi\u00e8ce : 03355734<\/p>\n<p>Dimensions : \u00f8995 x \u00f8 180mm<\/p>\n","protected":false},"excerpt":{"rendered":"<p>Amortisseur de vibrations pour moteur DEUTZ 358 03355734. Recondiotionn\u00e9 Num\u00e9ro de pi\u00e8ce : 03355734 Dimensions : \u00f8995 x \u00f8 180mm<\/p>\n","protected":false},"featured_media":9028,"template":"","meta":[],"product_cat":[6937,6273],"product_tag":[],"modelo":[],"acf":[],"lang":"fr","translations":{"fr":9585,"es":9025,"en":9584},"pll_sync_post":[],"_links":{"self":[{"href":"https:\/\/coterena.es\/shop\/wp-json\/wp\/v2\/product\/9585"}],"collection":[{"href":"https:\/\/coterena.es\/shop\/wp-json\/wp\/v2\/product"}],"about":[{"href":"https:\/\/coterena.es\/shop\/wp-json\/wp\/v2\/types\/product"}],"wp:featuredmedia":[{"embeddable":true,"href":"https:\/\/coterena.es\/shop\/wp-json\/wp\/v2\/media\/9028"}],"wp:attachment":[{"href":"https:\/\/coterena.es\/shop\/wp-json\/wp\/v2\/media?parent=9585"}],"wp:term":[{"taxonomy":"product_cat","embeddable":true,"href":"https:\/\/coterena.es\/shop\/wp-json\/wp\/v2\/product_cat?post=9585"},{"taxonomy":"product_tag","embeddable":true,"href":"https:\/\/coterena.es\/shop\/wp-json\/wp\/v2\/product_tag?post=9585"},{"taxonomy":"modelo","embeddable":true,"href":"https:\/\/coterena.es\/shop\/wp-json\/wp\/v2\/modelo?post=9585"}],"curies":[{"name":"wp","href":"https:\/\/api.w.org\/{rel}","templated":true}]}}