{"id":9587,"date":"2022-08-02T08:31:15","date_gmt":"2022-08-02T08:31:15","guid":{"rendered":"https:\/\/coterena.es\/shop\/?post_type=product&#038;p=9017"},"modified":"2023-04-11T06:43:08","modified_gmt":"2023-04-11T06:43:08","slug":"amortisseur-de-vibrations-deutz-540","status":"publish","type":"product","link":"https:\/\/coterena.es\/shop\/amortisseur-de-vibrations-deutz-540\/","title":{"rendered":"Amortisseur de vibrations du moteur Deutz 540"},"content":{"rendered":"<p>Amortisseur de vibrations DEUTZ 540 04044136. Reconditionn\u00e9<\/p>\n<p>Num\u00e9ro de pi\u00e8ce : 04044136<\/p>\n<p>Dimensions \u00f8995 x \u00f8180mm<\/p>\n","protected":false},"excerpt":{"rendered":"<p>Amortisseur de vibrations DEUTZ 540 04044136. Reconditionn\u00e9 Num\u00e9ro de pi\u00e8ce : 04044136 Dimensions \u00f8995 x \u00f8180mm<\/p>\n","protected":false},"featured_media":9020,"template":"","meta":[],"product_cat":[6937,6273],"product_tag":[],"modelo":[],"acf":[],"lang":"fr","translations":{"fr":9587,"es":9017,"en":9586},"pll_sync_post":[],"_links":{"self":[{"href":"https:\/\/coterena.es\/shop\/wp-json\/wp\/v2\/product\/9587"}],"collection":[{"href":"https:\/\/coterena.es\/shop\/wp-json\/wp\/v2\/product"}],"about":[{"href":"https:\/\/coterena.es\/shop\/wp-json\/wp\/v2\/types\/product"}],"wp:featuredmedia":[{"embeddable":true,"href":"https:\/\/coterena.es\/shop\/wp-json\/wp\/v2\/media\/9020"}],"wp:attachment":[{"href":"https:\/\/coterena.es\/shop\/wp-json\/wp\/v2\/media?parent=9587"}],"wp:term":[{"taxonomy":"product_cat","embeddable":true,"href":"https:\/\/coterena.es\/shop\/wp-json\/wp\/v2\/product_cat?post=9587"},{"taxonomy":"product_tag","embeddable":true,"href":"https:\/\/coterena.es\/shop\/wp-json\/wp\/v2\/product_tag?post=9587"},{"taxonomy":"modelo","embeddable":true,"href":"https:\/\/coterena.es\/shop\/wp-json\/wp\/v2\/modelo?post=9587"}],"curies":[{"name":"wp","href":"https:\/\/api.w.org\/{rel}","templated":true}]}}