{"id":9592,"date":"2022-08-02T08:16:58","date_gmt":"2022-08-02T08:16:58","guid":{"rendered":"https:\/\/coterena.es\/shop\/?post_type=product&#038;p=9006"},"modified":"2023-04-12T06:24:51","modified_gmt":"2023-04-12T06:24:51","slug":"culasse-caterpillar-0r-3719","status":"publish","type":"product","link":"https:\/\/coterena.es\/shop\/culasse-caterpillar-0r-3719\/","title":{"rendered":"Culasse Caterpillar 0R-3719"},"content":{"rendered":"<p>Culasse CATERPILLAR 0R-3719. Reconditionn\u00e9e<\/p>\n<p>Compatible avec les moteurs Caterpillar 3406<\/p>\n<p>Num\u00e9ro de la pi\u00e9ce : 0R-3719<\/p>\n","protected":false},"excerpt":{"rendered":"<p>Culasse CATERPILLAR 0R-3719. Reconditionn\u00e9e Compatible avec les moteurs Caterpillar 3406 Num\u00e9ro de la pi\u00e9ce : 0R-3719<\/p>\n","protected":false},"featured_media":9009,"template":"","meta":[],"product_cat":[6273,6981],"product_tag":[],"modelo":[],"acf":[],"lang":"fr","translations":{"fr":9592,"es":9006,"en":9591},"pll_sync_post":[],"_links":{"self":[{"href":"https:\/\/coterena.es\/shop\/wp-json\/wp\/v2\/product\/9592"}],"collection":[{"href":"https:\/\/coterena.es\/shop\/wp-json\/wp\/v2\/product"}],"about":[{"href":"https:\/\/coterena.es\/shop\/wp-json\/wp\/v2\/types\/product"}],"wp:featuredmedia":[{"embeddable":true,"href":"https:\/\/coterena.es\/shop\/wp-json\/wp\/v2\/media\/9009"}],"wp:attachment":[{"href":"https:\/\/coterena.es\/shop\/wp-json\/wp\/v2\/media?parent=9592"}],"wp:term":[{"taxonomy":"product_cat","embeddable":true,"href":"https:\/\/coterena.es\/shop\/wp-json\/wp\/v2\/product_cat?post=9592"},{"taxonomy":"product_tag","embeddable":true,"href":"https:\/\/coterena.es\/shop\/wp-json\/wp\/v2\/product_tag?post=9592"},{"taxonomy":"modelo","embeddable":true,"href":"https:\/\/coterena.es\/shop\/wp-json\/wp\/v2\/modelo?post=9592"}],"curies":[{"name":"wp","href":"https:\/\/api.w.org\/{rel}","templated":true}]}}