{"id":9605,"date":"2022-08-02T08:03:00","date_gmt":"2022-08-02T08:03:00","guid":{"rendered":"https:\/\/coterena.es\/shop\/?post_type=product&#038;p=8988"},"modified":"2023-04-11T11:21:33","modified_gmt":"2023-04-11T11:21:33","slug":"revetement-pour-moteur-deutz-528-sba8","status":"publish","type":"product","link":"https:\/\/coterena.es\/shop\/revetement-pour-moteur-deutz-528-sba8\/","title":{"rendered":"Rev\u00eatement pour moteur DEUTZ 528 SBA8"},"content":{"rendered":"<p>Rev\u00eatement pour moteur DEUTZ 528 SBA8 n\u00ba 20334. Reconditionn\u00e9.<\/p>\n<p>Num\u00e9ro de pi\u00e8ce : 04064810<\/p>\n","protected":false},"excerpt":{"rendered":"<p>Rev\u00eatement pour moteur DEUTZ 528 SBA8 n\u00ba 20334. Reconditionn\u00e9. Num\u00e9ro de pi\u00e8ce : 04064810<\/p>\n","protected":false},"featured_media":8991,"template":"","meta":[],"product_cat":[6273,6281,7005],"product_tag":[],"modelo":[],"acf":[],"lang":"fr","translations":{"fr":9605,"es":8988,"en":9604},"pll_sync_post":[],"_links":{"self":[{"href":"https:\/\/coterena.es\/shop\/wp-json\/wp\/v2\/product\/9605"}],"collection":[{"href":"https:\/\/coterena.es\/shop\/wp-json\/wp\/v2\/product"}],"about":[{"href":"https:\/\/coterena.es\/shop\/wp-json\/wp\/v2\/types\/product"}],"wp:featuredmedia":[{"embeddable":true,"href":"https:\/\/coterena.es\/shop\/wp-json\/wp\/v2\/media\/8991"}],"wp:attachment":[{"href":"https:\/\/coterena.es\/shop\/wp-json\/wp\/v2\/media?parent=9605"}],"wp:term":[{"taxonomy":"product_cat","embeddable":true,"href":"https:\/\/coterena.es\/shop\/wp-json\/wp\/v2\/product_cat?post=9605"},{"taxonomy":"product_tag","embeddable":true,"href":"https:\/\/coterena.es\/shop\/wp-json\/wp\/v2\/product_tag?post=9605"},{"taxonomy":"modelo","embeddable":true,"href":"https:\/\/coterena.es\/shop\/wp-json\/wp\/v2\/modelo?post=9605"}],"curies":[{"name":"wp","href":"https:\/\/api.w.org\/{rel}","templated":true}]}}