{"id":9620,"date":"2022-08-02T07:41:11","date_gmt":"2022-08-02T07:41:11","guid":{"rendered":"https:\/\/coterena.es\/shop\/?post_type=product&#038;p=8959"},"modified":"2023-04-11T06:59:52","modified_gmt":"2023-04-11T06:59:52","slug":"bielle-pour-moteur-deutz-528","status":"publish","type":"product","link":"https:\/\/coterena.es\/shop\/bielle-pour-moteur-deutz-528\/","title":{"rendered":"Bielle pour moteur Deutz 528"},"content":{"rendered":"<p>Bielle pour moteur DEUTZ 528. Reconditionn\u00e9e<\/p>\n<p>Num\u00e9ro de pi\u00e8ce : 02069703<\/p>\n","protected":false},"excerpt":{"rendered":"<p>Bielle pour moteur DEUTZ 528. Reconditionn\u00e9e Num\u00e9ro de pi\u00e8ce : 02069703<\/p>\n","protected":false},"featured_media":8965,"template":"","meta":[],"product_cat":[6273,7005],"product_tag":[],"modelo":[],"acf":[],"lang":"fr","translations":{"fr":9620,"es":8959,"en":9619},"pll_sync_post":[],"_links":{"self":[{"href":"https:\/\/coterena.es\/shop\/wp-json\/wp\/v2\/product\/9620"}],"collection":[{"href":"https:\/\/coterena.es\/shop\/wp-json\/wp\/v2\/product"}],"about":[{"href":"https:\/\/coterena.es\/shop\/wp-json\/wp\/v2\/types\/product"}],"wp:featuredmedia":[{"embeddable":true,"href":"https:\/\/coterena.es\/shop\/wp-json\/wp\/v2\/media\/8965"}],"wp:attachment":[{"href":"https:\/\/coterena.es\/shop\/wp-json\/wp\/v2\/media?parent=9620"}],"wp:term":[{"taxonomy":"product_cat","embeddable":true,"href":"https:\/\/coterena.es\/shop\/wp-json\/wp\/v2\/product_cat?post=9620"},{"taxonomy":"product_tag","embeddable":true,"href":"https:\/\/coterena.es\/shop\/wp-json\/wp\/v2\/product_tag?post=9620"},{"taxonomy":"modelo","embeddable":true,"href":"https:\/\/coterena.es\/shop\/wp-json\/wp\/v2\/modelo?post=9620"}],"curies":[{"name":"wp","href":"https:\/\/api.w.org\/{rel}","templated":true}]}}