{"id":9630,"date":"2022-08-02T07:05:24","date_gmt":"2022-08-02T07:05:24","guid":{"rendered":"https:\/\/coterena.es\/shop\/?post_type=product&#038;p=8940"},"modified":"2023-04-13T08:16:47","modified_gmt":"2023-04-13T08:16:47","slug":"piston-deutz-528-reacondicionado","status":"publish","type":"product","link":"https:\/\/coterena.es\/shop\/piston-deutz-528-reacondicionado\/","title":{"rendered":"Piston Deutz 528"},"content":{"rendered":"<p>Piston de moteur DEUTZ 528. Reconditionn\u00e9<\/p>\n<p>Mod\u00e8le : 528<\/p>\n<p>Num\u00e9ro de pi\u00e8ce : 04064236<\/p>\n","protected":false},"excerpt":{"rendered":"<p>Piston de moteur DEUTZ 528. Reconditionn\u00e9 Mod\u00e8le : 528 Num\u00e9ro de pi\u00e8ce : 04064236<\/p>\n","protected":false},"featured_media":8943,"template":"","meta":[],"product_cat":[6273,7005],"product_tag":[],"modelo":[],"acf":[],"lang":"fr","translations":{"fr":9630,"es":8940,"en":9629},"pll_sync_post":[],"_links":{"self":[{"href":"https:\/\/coterena.es\/shop\/wp-json\/wp\/v2\/product\/9630"}],"collection":[{"href":"https:\/\/coterena.es\/shop\/wp-json\/wp\/v2\/product"}],"about":[{"href":"https:\/\/coterena.es\/shop\/wp-json\/wp\/v2\/types\/product"}],"wp:featuredmedia":[{"embeddable":true,"href":"https:\/\/coterena.es\/shop\/wp-json\/wp\/v2\/media\/8943"}],"wp:attachment":[{"href":"https:\/\/coterena.es\/shop\/wp-json\/wp\/v2\/media?parent=9630"}],"wp:term":[{"taxonomy":"product_cat","embeddable":true,"href":"https:\/\/coterena.es\/shop\/wp-json\/wp\/v2\/product_cat?post=9630"},{"taxonomy":"product_tag","embeddable":true,"href":"https:\/\/coterena.es\/shop\/wp-json\/wp\/v2\/product_tag?post=9630"},{"taxonomy":"modelo","embeddable":true,"href":"https:\/\/coterena.es\/shop\/wp-json\/wp\/v2\/modelo?post=9630"}],"curies":[{"name":"wp","href":"https:\/\/api.w.org\/{rel}","templated":true}]}}