{"id":9636,"date":"2022-08-02T06:27:13","date_gmt":"2022-08-02T06:27:13","guid":{"rendered":"https:\/\/coterena.es\/shop\/?post_type=product&#038;p=8919"},"modified":"2023-04-11T06:09:27","modified_gmt":"2023-04-11T06:09:27","slug":"accouplement-flexible-vulkan-volant-deutz-528","status":"publish","type":"product","link":"https:\/\/coterena.es\/shop\/accouplement-flexible-vulkan-volant-deutz-528\/","title":{"rendered":"Accouplement flexible VULKAN + volant DEUTZ 528"},"content":{"rendered":"<p>Accouplement flexible VULKAN + volant pour moteur DEUTZ 528. D\u00b4ocassion<\/p>\n<p>Accouplement r\u00e9f\u00e9rence: 02074107<\/p>\n<p>Volant r\u00e9f\u00e9rence: 2072554<\/p>\n","protected":false},"excerpt":{"rendered":"<p>Accouplement flexible VULKAN + volant pour moteur DEUTZ 528. D\u00b4ocassion Accouplement r\u00e9f\u00e9rence: 02074107 Volant r\u00e9f\u00e9rence: 2072554<\/p>\n","protected":false},"featured_media":8922,"template":"","meta":[],"product_cat":[6273,6281],"product_tag":[],"modelo":[],"acf":[],"lang":"fr","translations":{"fr":9636,"es":8919,"en":9635},"pll_sync_post":[],"_links":{"self":[{"href":"https:\/\/coterena.es\/shop\/wp-json\/wp\/v2\/product\/9636"}],"collection":[{"href":"https:\/\/coterena.es\/shop\/wp-json\/wp\/v2\/product"}],"about":[{"href":"https:\/\/coterena.es\/shop\/wp-json\/wp\/v2\/types\/product"}],"wp:featuredmedia":[{"embeddable":true,"href":"https:\/\/coterena.es\/shop\/wp-json\/wp\/v2\/media\/8922"}],"wp:attachment":[{"href":"https:\/\/coterena.es\/shop\/wp-json\/wp\/v2\/media?parent=9636"}],"wp:term":[{"taxonomy":"product_cat","embeddable":true,"href":"https:\/\/coterena.es\/shop\/wp-json\/wp\/v2\/product_cat?post=9636"},{"taxonomy":"product_tag","embeddable":true,"href":"https:\/\/coterena.es\/shop\/wp-json\/wp\/v2\/product_tag?post=9636"},{"taxonomy":"modelo","embeddable":true,"href":"https:\/\/coterena.es\/shop\/wp-json\/wp\/v2\/modelo?post=9636"}],"curies":[{"name":"wp","href":"https:\/\/api.w.org\/{rel}","templated":true}]}}