{"id":9638,"date":"2022-08-02T06:22:29","date_gmt":"2022-08-02T06:22:29","guid":{"rendered":"https:\/\/coterena.es\/shop\/?post_type=product&#038;p=8912"},"modified":"2023-04-11T11:44:07","modified_gmt":"2023-04-11T11:44:07","slug":"roulement-darbre-a-cames-deutz-350","status":"publish","type":"product","link":"https:\/\/coterena.es\/shop\/roulement-darbre-a-cames-deutz-350\/","title":{"rendered":"Roulement d\u00b4arbre \u00e0 cames Deutz 350"},"content":{"rendered":"<p>Palier d&#8217;arbre \u00e0 cames DEUTZ 350. Reconditionn\u00e9<\/p>\n","protected":false},"excerpt":{"rendered":"<p>Palier d&#8217;arbre \u00e0 cames DEUTZ 350. Reconditionn\u00e9<\/p>\n","protected":false},"featured_media":8915,"template":"","meta":[],"product_cat":[6939,6273],"product_tag":[],"modelo":[],"acf":[],"lang":"fr","translations":{"fr":9638,"es":8912,"en":9637},"pll_sync_post":[],"_links":{"self":[{"href":"https:\/\/coterena.es\/shop\/wp-json\/wp\/v2\/product\/9638"}],"collection":[{"href":"https:\/\/coterena.es\/shop\/wp-json\/wp\/v2\/product"}],"about":[{"href":"https:\/\/coterena.es\/shop\/wp-json\/wp\/v2\/types\/product"}],"wp:featuredmedia":[{"embeddable":true,"href":"https:\/\/coterena.es\/shop\/wp-json\/wp\/v2\/media\/8915"}],"wp:attachment":[{"href":"https:\/\/coterena.es\/shop\/wp-json\/wp\/v2\/media?parent=9638"}],"wp:term":[{"taxonomy":"product_cat","embeddable":true,"href":"https:\/\/coterena.es\/shop\/wp-json\/wp\/v2\/product_cat?post=9638"},{"taxonomy":"product_tag","embeddable":true,"href":"https:\/\/coterena.es\/shop\/wp-json\/wp\/v2\/product_tag?post=9638"},{"taxonomy":"modelo","embeddable":true,"href":"https:\/\/coterena.es\/shop\/wp-json\/wp\/v2\/modelo?post=9638"}],"curies":[{"name":"wp","href":"https:\/\/api.w.org\/{rel}","templated":true}]}}