{"id":9640,"date":"2022-08-02T06:17:40","date_gmt":"2022-08-02T06:17:40","guid":{"rendered":"https:\/\/coterena.es\/shop\/?post_type=product&#038;p=8905"},"modified":"2023-04-13T08:00:59","modified_gmt":"2023-04-13T08:00:59","slug":"cremaillere-pour-moteur-deutz-350","status":"publish","type":"product","link":"https:\/\/coterena.es\/shop\/cremaillere-pour-moteur-deutz-350\/","title":{"rendered":"Cr\u00e9maill\u00e8re pour moteur DEUTZ 350"},"content":{"rendered":"<p>Cr\u00e9maill\u00e8re pour moteur DEUTZ 350 Reconditionn\u00e9<\/p>\n<p>Mod\u00e8le : 350<\/p>\n<p>Num\u00e9ro de pi\u00e8ce : A0034358<\/p>\n","protected":false},"excerpt":{"rendered":"<p>Cr\u00e9maill\u00e8re pour moteur DEUTZ 350 Reconditionn\u00e9 Mod\u00e8le : 350 Num\u00e9ro de pi\u00e8ce : A0034358<\/p>\n","protected":false},"featured_media":15335,"template":"","meta":[],"product_cat":[6273,6281,6947],"product_tag":[],"modelo":[],"acf":[],"lang":"fr","translations":{"fr":9640,"es":8905,"en":9639},"pll_sync_post":[],"_links":{"self":[{"href":"https:\/\/coterena.es\/shop\/wp-json\/wp\/v2\/product\/9640"}],"collection":[{"href":"https:\/\/coterena.es\/shop\/wp-json\/wp\/v2\/product"}],"about":[{"href":"https:\/\/coterena.es\/shop\/wp-json\/wp\/v2\/types\/product"}],"wp:featuredmedia":[{"embeddable":true,"href":"https:\/\/coterena.es\/shop\/wp-json\/wp\/v2\/media\/15335"}],"wp:attachment":[{"href":"https:\/\/coterena.es\/shop\/wp-json\/wp\/v2\/media?parent=9640"}],"wp:term":[{"taxonomy":"product_cat","embeddable":true,"href":"https:\/\/coterena.es\/shop\/wp-json\/wp\/v2\/product_cat?post=9640"},{"taxonomy":"product_tag","embeddable":true,"href":"https:\/\/coterena.es\/shop\/wp-json\/wp\/v2\/product_tag?post=9640"},{"taxonomy":"modelo","embeddable":true,"href":"https:\/\/coterena.es\/shop\/wp-json\/wp\/v2\/modelo?post=9640"}],"curies":[{"name":"wp","href":"https:\/\/api.w.org\/{rel}","templated":true}]}}