{"id":9674,"date":"2022-07-18T06:17:11","date_gmt":"2022-07-18T06:17:11","guid":{"rendered":"https:\/\/coterena.es\/shop\/?post_type=product&#038;p=7410"},"modified":"2023-03-15T07:21:46","modified_gmt":"2023-03-15T07:21:46","slug":"pompe-electrique-alfa-laval-alp0030","status":"publish","type":"product","link":"https:\/\/coterena.es\/shop\/pompe-electrique-alfa-laval-alp0030\/","title":{"rendered":"Pompe \u00e9lectrique ALFA LAVAL ALP0030"},"content":{"rendered":"<p>Pompe \u00e9lectrique ALFA LAVAL ALP0030 avec moteur \u00e9lectrique (1,1kw)<\/p>\n","protected":false},"excerpt":{"rendered":"<p>Pompe \u00e9lectrique ALFA LAVAL ALP0030 avec moteur \u00e9lectrique (1,1kw)<\/p>\n","protected":false},"featured_media":7413,"template":"","meta":[],"product_cat":[6891,6257],"product_tag":[],"modelo":[],"acf":[],"lang":"fr","translations":{"fr":9674,"es":7410,"en":9673},"pll_sync_post":[],"_links":{"self":[{"href":"https:\/\/coterena.es\/shop\/wp-json\/wp\/v2\/product\/9674"}],"collection":[{"href":"https:\/\/coterena.es\/shop\/wp-json\/wp\/v2\/product"}],"about":[{"href":"https:\/\/coterena.es\/shop\/wp-json\/wp\/v2\/types\/product"}],"wp:featuredmedia":[{"embeddable":true,"href":"https:\/\/coterena.es\/shop\/wp-json\/wp\/v2\/media\/7413"}],"wp:attachment":[{"href":"https:\/\/coterena.es\/shop\/wp-json\/wp\/v2\/media?parent=9674"}],"wp:term":[{"taxonomy":"product_cat","embeddable":true,"href":"https:\/\/coterena.es\/shop\/wp-json\/wp\/v2\/product_cat?post=9674"},{"taxonomy":"product_tag","embeddable":true,"href":"https:\/\/coterena.es\/shop\/wp-json\/wp\/v2\/product_tag?post=9674"},{"taxonomy":"modelo","embeddable":true,"href":"https:\/\/coterena.es\/shop\/wp-json\/wp\/v2\/modelo?post=9674"}],"curies":[{"name":"wp","href":"https:\/\/api.w.org\/{rel}","templated":true}]}}