{"id":9728,"date":"2022-06-16T10:45:56","date_gmt":"2022-06-16T10:45:56","guid":{"rendered":"https:\/\/coterena.es\/shop\/?post_type=product&#038;p=6198"},"modified":"2023-04-20T12:26:24","modified_gmt":"2023-04-20T12:26:24","slug":"sonde-de-temperature-du-refroidisseur-caterpillar-118-7226","status":"publish","type":"product","link":"https:\/\/coterena.es\/shop\/sonde-de-temperature-du-refroidisseur-caterpillar-118-7226\/","title":{"rendered":"Sonde de Temp\u00e9rature du Refroidisseur CATERPILLAR 118-7226"},"content":{"rendered":"<p>Sonde de Temp\u00e9rature du Refroidisseur CATERPILLAR 118-7226. Nouveau<\/p>\n<p>Num\u00e9ro de pi\u00e8ce : 118-7226<\/p>\n","protected":false},"excerpt":{"rendered":"<p>Sonde de Temp\u00e9rature du Refroidisseur CATERPILLAR 118-7226. Nouveau Num\u00e9ro de pi\u00e8ce : 118-7226<\/p>\n","protected":false},"featured_media":16035,"template":"","meta":[],"product_cat":[6929,6273],"product_tag":[],"modelo":[],"acf":[],"lang":"fr","translations":{"fr":9728,"es":6198,"en":9723},"pll_sync_post":[],"_links":{"self":[{"href":"https:\/\/coterena.es\/shop\/wp-json\/wp\/v2\/product\/9728"}],"collection":[{"href":"https:\/\/coterena.es\/shop\/wp-json\/wp\/v2\/product"}],"about":[{"href":"https:\/\/coterena.es\/shop\/wp-json\/wp\/v2\/types\/product"}],"wp:featuredmedia":[{"embeddable":true,"href":"https:\/\/coterena.es\/shop\/wp-json\/wp\/v2\/media\/16035"}],"wp:attachment":[{"href":"https:\/\/coterena.es\/shop\/wp-json\/wp\/v2\/media?parent=9728"}],"wp:term":[{"taxonomy":"product_cat","embeddable":true,"href":"https:\/\/coterena.es\/shop\/wp-json\/wp\/v2\/product_cat?post=9728"},{"taxonomy":"product_tag","embeddable":true,"href":"https:\/\/coterena.es\/shop\/wp-json\/wp\/v2\/product_tag?post=9728"},{"taxonomy":"modelo","embeddable":true,"href":"https:\/\/coterena.es\/shop\/wp-json\/wp\/v2\/modelo?post=9728"}],"curies":[{"name":"wp","href":"https:\/\/api.w.org\/{rel}","templated":true}]}}