{"id":9744,"date":"2022-06-15T07:04:22","date_gmt":"2022-06-15T07:04:22","guid":{"rendered":"https:\/\/coterena.es\/shop\/?post_type=product&#038;p=6192"},"modified":"2023-04-19T06:51:40","modified_gmt":"2023-04-19T06:51:40","slug":"module-de-controle-de-vitesse-caterpillar-140-2175","status":"publish","type":"product","link":"https:\/\/coterena.es\/shop\/module-de-controle-de-vitesse-caterpillar-140-2175\/","title":{"rendered":"Module de contr\u00f4le de vitesse CATERPILLAR 140-2175"},"content":{"rendered":"<p>Module de contr\u00f4le de vitesse CATERPILLAR 140-2175. Nouveau<\/p>\n<p>Num\u00e9ro de pi\u00e8ce : 140-2175<\/p>\n","protected":false},"excerpt":{"rendered":"<p>Module de contr\u00f4le de vitesse CATERPILLAR 140-2175. Nouveau Num\u00e9ro de pi\u00e8ce : 140-2175<\/p>\n","protected":false},"featured_media":15878,"template":"","meta":[],"product_cat":[6929,6273],"product_tag":[],"modelo":[],"acf":[],"lang":"fr","translations":{"fr":9744,"es":6192,"en":9741},"pll_sync_post":[],"_links":{"self":[{"href":"https:\/\/coterena.es\/shop\/wp-json\/wp\/v2\/product\/9744"}],"collection":[{"href":"https:\/\/coterena.es\/shop\/wp-json\/wp\/v2\/product"}],"about":[{"href":"https:\/\/coterena.es\/shop\/wp-json\/wp\/v2\/types\/product"}],"wp:featuredmedia":[{"embeddable":true,"href":"https:\/\/coterena.es\/shop\/wp-json\/wp\/v2\/media\/15878"}],"wp:attachment":[{"href":"https:\/\/coterena.es\/shop\/wp-json\/wp\/v2\/media?parent=9744"}],"wp:term":[{"taxonomy":"product_cat","embeddable":true,"href":"https:\/\/coterena.es\/shop\/wp-json\/wp\/v2\/product_cat?post=9744"},{"taxonomy":"product_tag","embeddable":true,"href":"https:\/\/coterena.es\/shop\/wp-json\/wp\/v2\/product_tag?post=9744"},{"taxonomy":"modelo","embeddable":true,"href":"https:\/\/coterena.es\/shop\/wp-json\/wp\/v2\/modelo?post=9744"}],"curies":[{"name":"wp","href":"https:\/\/api.w.org\/{rel}","templated":true}]}}