{"id":9770,"date":"2022-06-15T06:55:00","date_gmt":"2022-06-15T06:55:00","guid":{"rendered":"https:\/\/coterena.es\/shop\/?post_type=product&#038;p=6181"},"modified":"2023-04-19T12:42:35","modified_gmt":"2023-04-19T12:42:35","slug":"repeteur-de-donnees-caterpillar-346-1577","status":"publish","type":"product","link":"https:\/\/coterena.es\/shop\/repeteur-de-donnees-caterpillar-346-1577\/","title":{"rendered":"R\u00e9p\u00e9teur de donn\u00e9es CATERPILLAR 346-1577"},"content":{"rendered":"<p>R\u00e9p\u00e9teur de donn\u00e9es CATERPILLAR 346-1577. Nouveau<\/p>\n<p>Num\u00e9ro de pi\u00e8ce : 346-1577<\/p>\n","protected":false},"excerpt":{"rendered":"<p>R\u00e9p\u00e9teur de donn\u00e9es CATERPILLAR 346-1577. Nouveau Num\u00e9ro de pi\u00e8ce : 346-1577<\/p>\n","protected":false},"featured_media":15993,"template":"","meta":[],"product_cat":[6929,6273],"product_tag":[],"modelo":[],"acf":[],"lang":"fr","translations":{"fr":9770,"es":6181,"en":9766},"pll_sync_post":[],"_links":{"self":[{"href":"https:\/\/coterena.es\/shop\/wp-json\/wp\/v2\/product\/9770"}],"collection":[{"href":"https:\/\/coterena.es\/shop\/wp-json\/wp\/v2\/product"}],"about":[{"href":"https:\/\/coterena.es\/shop\/wp-json\/wp\/v2\/types\/product"}],"wp:featuredmedia":[{"embeddable":true,"href":"https:\/\/coterena.es\/shop\/wp-json\/wp\/v2\/media\/15993"}],"wp:attachment":[{"href":"https:\/\/coterena.es\/shop\/wp-json\/wp\/v2\/media?parent=9770"}],"wp:term":[{"taxonomy":"product_cat","embeddable":true,"href":"https:\/\/coterena.es\/shop\/wp-json\/wp\/v2\/product_cat?post=9770"},{"taxonomy":"product_tag","embeddable":true,"href":"https:\/\/coterena.es\/shop\/wp-json\/wp\/v2\/product_tag?post=9770"},{"taxonomy":"modelo","embeddable":true,"href":"https:\/\/coterena.es\/shop\/wp-json\/wp\/v2\/modelo?post=9770"}],"curies":[{"name":"wp","href":"https:\/\/api.w.org\/{rel}","templated":true}]}}