{"id":9779,"date":"2022-06-15T06:46:12","date_gmt":"2022-06-15T06:46:12","guid":{"rendered":"https:\/\/coterena.es\/shop\/?post_type=product&#038;p=6178"},"modified":"2023-09-21T07:42:01","modified_gmt":"2023-09-21T07:42:01","slug":"caterpillar-227-3514","status":"publish","type":"product","link":"https:\/\/coterena.es\/shop\/caterpillar-227-3514\/","title":{"rendered":"C\u00e2ble de Panneau de Contr\u00f4le Caterpillar 227-3514"},"content":{"rendered":"<p>C\u00e2ble de panneau de contr\u00f4le CATERPILLAR 227-3514. Nouveau<\/p>\n<p>Num\u00e9ro de pi\u00e8ce : 227-3514<\/p>\n","protected":false},"excerpt":{"rendered":"<p>C\u00e2ble de panneau de contr\u00f4le CATERPILLAR 227-3514. Nouveau Num\u00e9ro de pi\u00e8ce : 227-3514<\/p>\n","protected":false},"featured_media":15051,"template":"","meta":[],"product_cat":[6929,6273],"product_tag":[],"modelo":[],"acf":[],"lang":"fr","translations":{"fr":9779,"es":6178,"en":9776},"pll_sync_post":[],"_links":{"self":[{"href":"https:\/\/coterena.es\/shop\/wp-json\/wp\/v2\/product\/9779"}],"collection":[{"href":"https:\/\/coterena.es\/shop\/wp-json\/wp\/v2\/product"}],"about":[{"href":"https:\/\/coterena.es\/shop\/wp-json\/wp\/v2\/types\/product"}],"wp:featuredmedia":[{"embeddable":true,"href":"https:\/\/coterena.es\/shop\/wp-json\/wp\/v2\/media\/15051"}],"wp:attachment":[{"href":"https:\/\/coterena.es\/shop\/wp-json\/wp\/v2\/media?parent=9779"}],"wp:term":[{"taxonomy":"product_cat","embeddable":true,"href":"https:\/\/coterena.es\/shop\/wp-json\/wp\/v2\/product_cat?post=9779"},{"taxonomy":"product_tag","embeddable":true,"href":"https:\/\/coterena.es\/shop\/wp-json\/wp\/v2\/product_tag?post=9779"},{"taxonomy":"modelo","embeddable":true,"href":"https:\/\/coterena.es\/shop\/wp-json\/wp\/v2\/modelo?post=9779"}],"curies":[{"name":"wp","href":"https:\/\/api.w.org\/{rel}","templated":true}]}}