{"id":9806,"date":"2022-06-15T06:41:44","date_gmt":"2022-06-15T06:41:44","guid":{"rendered":"https:\/\/coterena.es\/shop\/?post_type=product&#038;p=6176"},"modified":"2023-04-18T08:00:25","modified_gmt":"2023-04-18T08:00:25","slug":"ensemble-de-controle-electronique-caterpillar-9x-0203","status":"publish","type":"product","link":"https:\/\/coterena.es\/shop\/ensemble-de-controle-electronique-caterpillar-9x-0203\/","title":{"rendered":"Ensemble de Contr\u00f4le \u00c9lectronique CATERPILLAR 9X-0203"},"content":{"rendered":"<p>Ensemble de contr\u00f4le \u00e9lectronique CATERPILLAR 9X-0203. Nouveau<\/p>\n<p>Num\u00e9ro de pi\u00e8ce : 9X-0203<\/p>\n","protected":false},"excerpt":{"rendered":"<p>Ensemble de contr\u00f4le \u00e9lectronique CATERPILLAR 9X-0203. Nouveau Num\u00e9ro de pi\u00e8ce : 9X-0203<\/p>\n","protected":false},"featured_media":15609,"template":"","meta":[],"product_cat":[6929,6273],"product_tag":[],"modelo":[],"acf":[],"lang":"fr","translations":{"fr":9806,"es":6176,"en":9804},"pll_sync_post":[],"_links":{"self":[{"href":"https:\/\/coterena.es\/shop\/wp-json\/wp\/v2\/product\/9806"}],"collection":[{"href":"https:\/\/coterena.es\/shop\/wp-json\/wp\/v2\/product"}],"about":[{"href":"https:\/\/coterena.es\/shop\/wp-json\/wp\/v2\/types\/product"}],"wp:featuredmedia":[{"embeddable":true,"href":"https:\/\/coterena.es\/shop\/wp-json\/wp\/v2\/media\/15609"}],"wp:attachment":[{"href":"https:\/\/coterena.es\/shop\/wp-json\/wp\/v2\/media?parent=9806"}],"wp:term":[{"taxonomy":"product_cat","embeddable":true,"href":"https:\/\/coterena.es\/shop\/wp-json\/wp\/v2\/product_cat?post=9806"},{"taxonomy":"product_tag","embeddable":true,"href":"https:\/\/coterena.es\/shop\/wp-json\/wp\/v2\/product_tag?post=9806"},{"taxonomy":"modelo","embeddable":true,"href":"https:\/\/coterena.es\/shop\/wp-json\/wp\/v2\/modelo?post=9806"}],"curies":[{"name":"wp","href":"https:\/\/api.w.org\/{rel}","templated":true}]}}