{"id":9840,"date":"2022-06-14T09:31:11","date_gmt":"2022-06-14T09:31:11","guid":{"rendered":"https:\/\/coterena.es\/shop\/?post_type=product&#038;p=6159"},"modified":"2023-04-19T08:00:07","modified_gmt":"2023-04-19T08:00:07","slug":"pyrometre-caterpillar-3n-7012","status":"publish","type":"product","link":"https:\/\/coterena.es\/shop\/pyrometre-caterpillar-3n-7012\/","title":{"rendered":"Pyrom\u00e8tre CATERPILLAR 3N-7012"},"content":{"rendered":"<p>Pyrom\u00e8tre CATERPILLAR 3N-7012. Nouveau<\/p>\n<p>Num\u00e9ro de pi\u00e8ce : 3N-7012<\/p>\n","protected":false},"excerpt":{"rendered":"<p>Pyrom\u00e8tre CATERPILLAR 3N-7012. Nouveau Num\u00e9ro de pi\u00e8ce : 3N-7012<\/p>\n","protected":false},"featured_media":15930,"template":"","meta":[],"product_cat":[6929,6273],"product_tag":[],"modelo":[],"acf":[],"lang":"fr","translations":{"fr":9840,"es":6159,"en":9835},"pll_sync_post":[],"_links":{"self":[{"href":"https:\/\/coterena.es\/shop\/wp-json\/wp\/v2\/product\/9840"}],"collection":[{"href":"https:\/\/coterena.es\/shop\/wp-json\/wp\/v2\/product"}],"about":[{"href":"https:\/\/coterena.es\/shop\/wp-json\/wp\/v2\/types\/product"}],"wp:featuredmedia":[{"embeddable":true,"href":"https:\/\/coterena.es\/shop\/wp-json\/wp\/v2\/media\/15930"}],"wp:attachment":[{"href":"https:\/\/coterena.es\/shop\/wp-json\/wp\/v2\/media?parent=9840"}],"wp:term":[{"taxonomy":"product_cat","embeddable":true,"href":"https:\/\/coterena.es\/shop\/wp-json\/wp\/v2\/product_cat?post=9840"},{"taxonomy":"product_tag","embeddable":true,"href":"https:\/\/coterena.es\/shop\/wp-json\/wp\/v2\/product_tag?post=9840"},{"taxonomy":"modelo","embeddable":true,"href":"https:\/\/coterena.es\/shop\/wp-json\/wp\/v2\/modelo?post=9840"}],"curies":[{"name":"wp","href":"https:\/\/api.w.org\/{rel}","templated":true}]}}