{"id":9862,"date":"2022-06-13T08:50:43","date_gmt":"2022-06-13T08:50:43","guid":{"rendered":"https:\/\/coterena.es\/shop\/?post_type=product&#038;p=6151"},"modified":"2023-09-21T07:17:43","modified_gmt":"2023-09-21T07:17:43","slug":"compte-tours-electronique-caterpillar-197-7348","status":"publish","type":"product","link":"https:\/\/coterena.es\/shop\/compte-tours-electronique-caterpillar-197-7348\/","title":{"rendered":"Compte-tours \u00c9lectronique Caterpillar 197-7348"},"content":{"rendered":"<p>Compte-tours \u00e9lectronique CATERPILLAR 197-7348. nouveau<\/p>\n<p>Num\u00e9ro de pi\u00e8ce : 197-7348<\/p>\n","protected":false},"excerpt":{"rendered":"<p>Compte-tours \u00e9lectronique CATERPILLAR 197-7348. nouveau Num\u00e9ro de pi\u00e8ce : 197-7348<\/p>\n","protected":false},"featured_media":14435,"template":"","meta":[],"product_cat":[6929,6273],"product_tag":[],"modelo":[],"acf":[],"lang":"fr","translations":{"fr":9862,"es":6151,"en":9858},"pll_sync_post":[],"_links":{"self":[{"href":"https:\/\/coterena.es\/shop\/wp-json\/wp\/v2\/product\/9862"}],"collection":[{"href":"https:\/\/coterena.es\/shop\/wp-json\/wp\/v2\/product"}],"about":[{"href":"https:\/\/coterena.es\/shop\/wp-json\/wp\/v2\/types\/product"}],"wp:featuredmedia":[{"embeddable":true,"href":"https:\/\/coterena.es\/shop\/wp-json\/wp\/v2\/media\/14435"}],"wp:attachment":[{"href":"https:\/\/coterena.es\/shop\/wp-json\/wp\/v2\/media?parent=9862"}],"wp:term":[{"taxonomy":"product_cat","embeddable":true,"href":"https:\/\/coterena.es\/shop\/wp-json\/wp\/v2\/product_cat?post=9862"},{"taxonomy":"product_tag","embeddable":true,"href":"https:\/\/coterena.es\/shop\/wp-json\/wp\/v2\/product_tag?post=9862"},{"taxonomy":"modelo","embeddable":true,"href":"https:\/\/coterena.es\/shop\/wp-json\/wp\/v2\/modelo?post=9862"}],"curies":[{"name":"wp","href":"https:\/\/api.w.org\/{rel}","templated":true}]}}