{"id":9894,"date":"2022-06-13T08:11:53","date_gmt":"2022-06-13T08:11:53","guid":{"rendered":"https:\/\/coterena.es\/shop\/?post_type=product&#038;p=6138"},"modified":"2023-09-21T07:20:05","modified_gmt":"2023-09-21T07:20:05","slug":"injection-valve-caterpillar-358-2586","status":"publish","type":"product","link":"https:\/\/coterena.es\/shop\/injection-valve-caterpillar-358-2586\/","title":{"rendered":"Injection Valve Caterpillar 358-2586"},"content":{"rendered":"<p>Valve de contr\u00f4le de la pompe d&#8217;injection CATERPILLAR 358-2586. Nouveau<\/p>\n<p>Num\u00e9ro de pi\u00e8ce : 358-2586<\/p>\n","protected":false},"excerpt":{"rendered":"<p>Valve de contr\u00f4le de la pompe d&#8217;injection CATERPILLAR 358-2586. Nouveau Num\u00e9ro de pi\u00e8ce : 358-2586<\/p>\n","protected":false},"featured_media":14475,"template":"","meta":[],"product_cat":[6929,6273],"product_tag":[],"modelo":[],"acf":[],"lang":"fr","translations":{"fr":9894,"es":6138,"en":9889},"pll_sync_post":[],"_links":{"self":[{"href":"https:\/\/coterena.es\/shop\/wp-json\/wp\/v2\/product\/9894"}],"collection":[{"href":"https:\/\/coterena.es\/shop\/wp-json\/wp\/v2\/product"}],"about":[{"href":"https:\/\/coterena.es\/shop\/wp-json\/wp\/v2\/types\/product"}],"wp:featuredmedia":[{"embeddable":true,"href":"https:\/\/coterena.es\/shop\/wp-json\/wp\/v2\/media\/14475"}],"wp:attachment":[{"href":"https:\/\/coterena.es\/shop\/wp-json\/wp\/v2\/media?parent=9894"}],"wp:term":[{"taxonomy":"product_cat","embeddable":true,"href":"https:\/\/coterena.es\/shop\/wp-json\/wp\/v2\/product_cat?post=9894"},{"taxonomy":"product_tag","embeddable":true,"href":"https:\/\/coterena.es\/shop\/wp-json\/wp\/v2\/product_tag?post=9894"},{"taxonomy":"modelo","embeddable":true,"href":"https:\/\/coterena.es\/shop\/wp-json\/wp\/v2\/modelo?post=9894"}],"curies":[{"name":"wp","href":"https:\/\/api.w.org\/{rel}","templated":true}]}}