{"id":9917,"date":"2022-06-13T07:42:26","date_gmt":"2022-06-13T07:42:26","guid":{"rendered":"https:\/\/coterena.es\/shop\/?post_type=product&#038;p=6127"},"modified":"2023-04-18T08:37:04","modified_gmt":"2023-04-18T08:37:04","slug":"ensemble-relais-magnetique-caterpillar-9f-3099","status":"publish","type":"product","link":"https:\/\/coterena.es\/shop\/ensemble-relais-magnetique-caterpillar-9f-3099\/","title":{"rendered":"Ensemble Relais Magn\u00e9tique CATERPILLAR 9F-3099"},"content":{"rendered":"<p>Ensemble Relais Magn\u00e9tique CATERPILLAR 9F-3099 . Nouveau<\/p>\n<p>Num\u00e9ro de pi\u00e8ce : 9F-3099<\/p>\n","protected":false},"excerpt":{"rendered":"<p>Ensemble Relais Magn\u00e9tique CATERPILLAR 9F-3099 . Nouveau Num\u00e9ro de pi\u00e8ce : 9F-3099<\/p>\n","protected":false},"featured_media":15620,"template":"","meta":[],"product_cat":[6929,6273],"product_tag":[],"modelo":[],"acf":[],"lang":"fr","translations":{"fr":9917,"es":6127,"en":9912},"pll_sync_post":[],"_links":{"self":[{"href":"https:\/\/coterena.es\/shop\/wp-json\/wp\/v2\/product\/9917"}],"collection":[{"href":"https:\/\/coterena.es\/shop\/wp-json\/wp\/v2\/product"}],"about":[{"href":"https:\/\/coterena.es\/shop\/wp-json\/wp\/v2\/types\/product"}],"wp:featuredmedia":[{"embeddable":true,"href":"https:\/\/coterena.es\/shop\/wp-json\/wp\/v2\/media\/15620"}],"wp:attachment":[{"href":"https:\/\/coterena.es\/shop\/wp-json\/wp\/v2\/media?parent=9917"}],"wp:term":[{"taxonomy":"product_cat","embeddable":true,"href":"https:\/\/coterena.es\/shop\/wp-json\/wp\/v2\/product_cat?post=9917"},{"taxonomy":"product_tag","embeddable":true,"href":"https:\/\/coterena.es\/shop\/wp-json\/wp\/v2\/product_tag?post=9917"},{"taxonomy":"modelo","embeddable":true,"href":"https:\/\/coterena.es\/shop\/wp-json\/wp\/v2\/modelo?post=9917"}],"curies":[{"name":"wp","href":"https:\/\/api.w.org\/{rel}","templated":true}]}}