{"id":9969,"date":"2022-06-13T06:11:46","date_gmt":"2022-06-13T06:11:46","guid":{"rendered":"https:\/\/coterena.es\/shop\/?post_type=product&#038;p=6095"},"modified":"2023-04-19T08:16:25","modified_gmt":"2023-04-19T08:16:25","slug":"potentiometre-caterpillar-122-9458","status":"publish","type":"product","link":"https:\/\/coterena.es\/shop\/potentiometre-caterpillar-122-9458\/","title":{"rendered":"Potentiom\u00e8tre CATERPILLAR 122-9458"},"content":{"rendered":"<p>Potentiom\u00e8tre CATERPILLAR 122-9458. Nouveau<\/p>\n<p>Num\u00e9ro de pi\u00e8ce: 122-9458<\/p>\n","protected":false},"excerpt":{"rendered":"<p>Potentiom\u00e8tre CATERPILLAR 122-9458. Nouveau Num\u00e9ro de pi\u00e8ce: 122-9458<\/p>\n","protected":false},"featured_media":15952,"template":"","meta":[],"product_cat":[6929,6273],"product_tag":[],"modelo":[],"acf":[],"lang":"fr","translations":{"fr":9969,"es":6095,"en":9966},"pll_sync_post":[],"_links":{"self":[{"href":"https:\/\/coterena.es\/shop\/wp-json\/wp\/v2\/product\/9969"}],"collection":[{"href":"https:\/\/coterena.es\/shop\/wp-json\/wp\/v2\/product"}],"about":[{"href":"https:\/\/coterena.es\/shop\/wp-json\/wp\/v2\/types\/product"}],"wp:featuredmedia":[{"embeddable":true,"href":"https:\/\/coterena.es\/shop\/wp-json\/wp\/v2\/media\/15952"}],"wp:attachment":[{"href":"https:\/\/coterena.es\/shop\/wp-json\/wp\/v2\/media?parent=9969"}],"wp:term":[{"taxonomy":"product_cat","embeddable":true,"href":"https:\/\/coterena.es\/shop\/wp-json\/wp\/v2\/product_cat?post=9969"},{"taxonomy":"product_tag","embeddable":true,"href":"https:\/\/coterena.es\/shop\/wp-json\/wp\/v2\/product_tag?post=9969"},{"taxonomy":"modelo","embeddable":true,"href":"https:\/\/coterena.es\/shop\/wp-json\/wp\/v2\/modelo?post=9969"}],"curies":[{"name":"wp","href":"https:\/\/api.w.org\/{rel}","templated":true}]}}